{"id":1831,"date":"2024-09-15T15:57:03","date_gmt":"2024-09-15T20:57:03","guid":{"rendered":"https:\/\/viptravelcartagena.com\/?post_type=product&#038;p=1831"},"modified":"2026-01-28T12:37:37","modified_gmt":"2026-01-28T17:37:37","slug":"rosario-del-mar","status":"publish","type":"product","link":"https:\/\/viptravelcartagena.com\/en\/product\/rosario-del-mar\/","title":{"rendered":"ROSARIO DEL MAR"},"content":{"rendered":"<div style=\"width: 848px;\" class=\"wp-video\"><video class=\"wp-video-shortcode\" id=\"video-1831-1\" width=\"848\" height=\"480\" preload=\"metadata\" controls=\"controls\"><source type=\"video\/mp4\" src=\"https:\/\/viptravelcartagena.com\/wp-content\/uploads\/2024\/09\/Video-de-WhatsApp-2024-12-28-a-las-17.19.56_57671b38.mp4?_=1\" \/><a href=\"https:\/\/viptravelcartagena.com\/wp-content\/uploads\/2024\/09\/Video-de-WhatsApp-2024-12-28-a-las-17.19.56_57671b38.mp4\">https:\/\/viptravelcartagena.com\/wp-content\/uploads\/2024\/09\/Video-de-WhatsApp-2024-12-28-a-las-17.19.56_57671b38.mp4<\/a><\/video><\/div>\n<p>\ud83d\udea4Transporte ida y regreso.<br \/>\n\ud83c\udf79bebida de bienvenida.<\/p>\n<p>\ud83c\udf7d Men\u00fa 5 opciones almuerzo + Bebida no alcoh\u00f3lica<\/p>\n<p>Men\u00fa<br \/>\n* Pizza Margarita.<br \/>\n* Pizza Hawaiana.<br \/>\n* Pizza Prosciutto.<br \/>\n* Pizza Vegetariana.<br \/>\n* T\u00edpico Mojarra<br \/>\n* Pasta con Camar\u00f3n.<br \/>\n* Pasta con Vegetales.<br \/>\n* Vegetariano<br \/>\n* Pechuga a la Plancha<\/p>\n<p>Uso de instalaciones<br \/>\n\ud83d\udebdBa\u00f1os.<br \/>\n\ud83d\udebfDucha.<br \/>\n\ud83c\udfd6Asoleadoras.<br \/>\n\u26f1parasoles.<br \/>\n\ud83e\uddd6\u200d\u2642Servicio de Toallas.<\/p>\n<p>\u23f0<br \/>\nHora de salida: 8:00am<br \/>\nHora de retorno: 3:00 pm<\/p>\n<p>\ud83d\udea4Los traslados ida y regreso tienen una duraci\u00f3n aproximada de 45 minutos.<\/p>\n<p>\ud83d\udccdPunto de partida: Muelle de la bodeguita, puerta #3 presentarse a las 7:40 Am para realizar pago de tasa portuaria por valor de $26500 y registro .<br \/>\n\u2705Valor :<br \/>\n\u2705350.000 ADULTOS<\/p>","protected":false},"excerpt":{"rendered":"<p>\ud83d\udea4Transporte ida y regreso. \ud83c\udf79bebida de bienvenida. \ud83c\udf7d Men\u00fa 5 opciones almuerzo + Bebida no alcoh\u00f3lica Men\u00fa * Pizza Margarita. * Pizza Hawaiana. * Pizza Prosciutto. * Pizza Vegetariana. * T\u00edpico Mojarra * Pasta con Camar\u00f3n. * Pasta con Vegetales. * Vegetariano * Pechuga a &hellip; <\/p>","protected":false},"featured_media":1641,"comment_status":"open","ping_status":"closed","template":"","meta":{"_joinchat":[]},"product_brand":[],"product_cat":[49],"product_tag":[],"class_list":{"0":"post-1831","1":"product","2":"type-product","3":"status-publish","4":"has-post-thumbnail","6":"product_cat-islas-del-rosario-2","8":"first","9":"instock","10":"shipping-taxable","11":"purchasable","12":"product-type-simple"},"yoast_head":"<!-- This site is optimized with the Yoast SEO plugin v26.4 - https:\/\/yoast.com\/wordpress\/plugins\/seo\/ -->\n<title>ROSARIO DEL MAR | Vip Travel Cartagena<\/title>\n<meta name=\"robots\" content=\"index, follow, max-snippet:-1, max-image-preview:large, max-video-preview:-1\" \/>\n<link rel=\"canonical\" href=\"https:\/\/viptravelcartagena.com\/en\/product\/rosario-del-mar\/\" \/>\n<meta property=\"og:locale\" content=\"en_US\" \/>\n<meta property=\"og:type\" content=\"article\" \/>\n<meta property=\"og:title\" content=\"ROSARIO DEL MAR | Vip Travel Cartagena\" \/>\n<meta property=\"og:description\" content=\"\ud83d\udea4Transporte ida y regreso. \ud83c\udf79bebida de bienvenida. \ud83c\udf7d Men\u00fa 5 opciones almuerzo + Bebida no alcoh\u00f3lica Men\u00fa * Pizza Margarita. * Pizza Hawaiana. * Pizza Prosciutto. * Pizza Vegetariana. * T\u00edpico Mojarra * Pasta con Camar\u00f3n. * Pasta con Vegetales. * Vegetariano * Pechuga a &hellip;\" \/>\n<meta property=\"og:url\" content=\"https:\/\/viptravelcartagena.com\/en\/product\/rosario-del-mar\/\" \/>\n<meta property=\"og:site_name\" content=\"Vip Travel Cartagena\" \/>\n<meta property=\"article:modified_time\" content=\"2026-01-28T17:37:37+00:00\" \/>\n<meta property=\"og:image\" content=\"https:\/\/viptravelcartagena.com\/wp-content\/uploads\/2024\/08\/IMG-20240824-WA0063.jpg\" \/>\n\t<meta property=\"og:image:width\" content=\"1220\" \/>\n\t<meta property=\"og:image:height\" content=\"696\" \/>\n\t<meta property=\"og:image:type\" content=\"image\/jpeg\" \/>\n<meta name=\"twitter:card\" content=\"summary_large_image\" \/>\n<meta name=\"twitter:label1\" content=\"Est. reading time\" \/>\n\t<meta name=\"twitter:data1\" content=\"1 minute\" \/>\n<script type=\"application\/ld+json\" class=\"yoast-schema-graph\">{\"@context\":\"https:\/\/schema.org\",\"@graph\":[{\"@type\":\"WebPage\",\"@id\":\"https:\/\/viptravelcartagena.com\/producto\/rosario-del-mar\/\",\"url\":\"https:\/\/viptravelcartagena.com\/producto\/rosario-del-mar\/\",\"name\":\"ROSARIO DEL MAR | Vip Travel Cartagena\",\"isPartOf\":{\"@id\":\"https:\/\/viptravelcartagena.com\/#website\"},\"primaryImageOfPage\":{\"@id\":\"https:\/\/viptravelcartagena.com\/producto\/rosario-del-mar\/#primaryimage\"},\"image\":{\"@id\":\"https:\/\/viptravelcartagena.com\/producto\/rosario-del-mar\/#primaryimage\"},\"thumbnailUrl\":\"https:\/\/viptravelcartagena.com\/wp-content\/uploads\/2024\/08\/IMG-20240824-WA0063.jpg\",\"datePublished\":\"2024-09-15T20:57:03+00:00\",\"dateModified\":\"2026-01-28T17:37:37+00:00\",\"breadcrumb\":{\"@id\":\"https:\/\/viptravelcartagena.com\/producto\/rosario-del-mar\/#breadcrumb\"},\"inLanguage\":\"en-US\",\"potentialAction\":[{\"@type\":\"ReadAction\",\"target\":[\"https:\/\/viptravelcartagena.com\/producto\/rosario-del-mar\/\"]}]},{\"@type\":\"ImageObject\",\"inLanguage\":\"en-US\",\"@id\":\"https:\/\/viptravelcartagena.com\/producto\/rosario-del-mar\/#primaryimage\",\"url\":\"https:\/\/viptravelcartagena.com\/wp-content\/uploads\/2024\/08\/IMG-20240824-WA0063.jpg\",\"contentUrl\":\"https:\/\/viptravelcartagena.com\/wp-content\/uploads\/2024\/08\/IMG-20240824-WA0063.jpg\",\"width\":1220,\"height\":696},{\"@type\":\"BreadcrumbList\",\"@id\":\"https:\/\/viptravelcartagena.com\/producto\/rosario-del-mar\/#breadcrumb\",\"itemListElement\":[{\"@type\":\"ListItem\",\"position\":1,\"name\":\"Home\",\"item\":\"https:\/\/viptravelcartagena.com\/\"},{\"@type\":\"ListItem\",\"position\":2,\"name\":\"Tienda\",\"item\":\"https:\/\/viptravelcartagena.com\/tienda\/\"},{\"@type\":\"ListItem\",\"position\":3,\"name\":\"ROSARIO DEL MAR\"}]},{\"@type\":\"WebSite\",\"@id\":\"https:\/\/viptravelcartagena.com\/#website\",\"url\":\"https:\/\/viptravelcartagena.com\/\",\"name\":\"Vip Travel Cartagena\",\"description\":\"Agencia de turismo en Cartagena\",\"publisher\":{\"@id\":\"https:\/\/viptravelcartagena.com\/#organization\"},\"potentialAction\":[{\"@type\":\"SearchAction\",\"target\":{\"@type\":\"EntryPoint\",\"urlTemplate\":\"https:\/\/viptravelcartagena.com\/?s={search_term_string}\"},\"query-input\":{\"@type\":\"PropertyValueSpecification\",\"valueRequired\":true,\"valueName\":\"search_term_string\"}}],\"inLanguage\":\"en-US\"},{\"@type\":\"Organization\",\"@id\":\"https:\/\/viptravelcartagena.com\/#organization\",\"name\":\"Bowie Tours\",\"url\":\"https:\/\/viptravelcartagena.com\/\",\"logo\":{\"@type\":\"ImageObject\",\"inLanguage\":\"en-US\",\"@id\":\"https:\/\/viptravelcartagena.com\/#\/schema\/logo\/image\/\",\"url\":\"https:\/\/viptravelcartagena.com\/wp-content\/uploads\/2026\/02\/WhatsApp_Image_2026-02-25_at_3.46.52_PM-removebg-preview.png\",\"contentUrl\":\"https:\/\/viptravelcartagena.com\/wp-content\/uploads\/2026\/02\/WhatsApp_Image_2026-02-25_at_3.46.52_PM-removebg-preview.png\",\"width\":500,\"height\":500,\"caption\":\"Bowie Tours\"},\"image\":{\"@id\":\"https:\/\/viptravelcartagena.com\/#\/schema\/logo\/image\/\"}}]}<\/script>\n<!-- \/ Yoast SEO plugin. -->","yoast_head_json":{"title":"ROSARIO DEL MAR | Vip Travel Cartagena","robots":{"index":"index","follow":"follow","max-snippet":"max-snippet:-1","max-image-preview":"max-image-preview:large","max-video-preview":"max-video-preview:-1"},"canonical":"https:\/\/viptravelcartagena.com\/en\/product\/rosario-del-mar\/","og_locale":"en_US","og_type":"article","og_title":"ROSARIO DEL MAR | Vip Travel Cartagena","og_description":"\ud83d\udea4Transporte ida y regreso. \ud83c\udf79bebida de bienvenida. \ud83c\udf7d Men\u00fa 5 opciones almuerzo + Bebida no alcoh\u00f3lica Men\u00fa * Pizza Margarita. * Pizza Hawaiana. * Pizza Prosciutto. * Pizza Vegetariana. * T\u00edpico Mojarra * Pasta con Camar\u00f3n. * Pasta con Vegetales. * Vegetariano * Pechuga a &hellip;","og_url":"https:\/\/viptravelcartagena.com\/en\/product\/rosario-del-mar\/","og_site_name":"Vip Travel Cartagena","article_modified_time":"2026-01-28T17:37:37+00:00","og_image":[{"width":1220,"height":696,"url":"https:\/\/viptravelcartagena.com\/wp-content\/uploads\/2024\/08\/IMG-20240824-WA0063.jpg","type":"image\/jpeg"}],"twitter_card":"summary_large_image","twitter_misc":{"Est. reading time":"1 minute"},"schema":{"@context":"https:\/\/schema.org","@graph":[{"@type":"WebPage","@id":"https:\/\/viptravelcartagena.com\/producto\/rosario-del-mar\/","url":"https:\/\/viptravelcartagena.com\/producto\/rosario-del-mar\/","name":"ROSARIO DEL MAR | Vip Travel Cartagena","isPartOf":{"@id":"https:\/\/viptravelcartagena.com\/#website"},"primaryImageOfPage":{"@id":"https:\/\/viptravelcartagena.com\/producto\/rosario-del-mar\/#primaryimage"},"image":{"@id":"https:\/\/viptravelcartagena.com\/producto\/rosario-del-mar\/#primaryimage"},"thumbnailUrl":"https:\/\/viptravelcartagena.com\/wp-content\/uploads\/2024\/08\/IMG-20240824-WA0063.jpg","datePublished":"2024-09-15T20:57:03+00:00","dateModified":"2026-01-28T17:37:37+00:00","breadcrumb":{"@id":"https:\/\/viptravelcartagena.com\/producto\/rosario-del-mar\/#breadcrumb"},"inLanguage":"en-US","potentialAction":[{"@type":"ReadAction","target":["https:\/\/viptravelcartagena.com\/producto\/rosario-del-mar\/"]}]},{"@type":"ImageObject","inLanguage":"en-US","@id":"https:\/\/viptravelcartagena.com\/producto\/rosario-del-mar\/#primaryimage","url":"https:\/\/viptravelcartagena.com\/wp-content\/uploads\/2024\/08\/IMG-20240824-WA0063.jpg","contentUrl":"https:\/\/viptravelcartagena.com\/wp-content\/uploads\/2024\/08\/IMG-20240824-WA0063.jpg","width":1220,"height":696},{"@type":"BreadcrumbList","@id":"https:\/\/viptravelcartagena.com\/producto\/rosario-del-mar\/#breadcrumb","itemListElement":[{"@type":"ListItem","position":1,"name":"Home","item":"https:\/\/viptravelcartagena.com\/"},{"@type":"ListItem","position":2,"name":"Tienda","item":"https:\/\/viptravelcartagena.com\/tienda\/"},{"@type":"ListItem","position":3,"name":"ROSARIO DEL MAR"}]},{"@type":"WebSite","@id":"https:\/\/viptravelcartagena.com\/#website","url":"https:\/\/viptravelcartagena.com\/","name":"Vip Travel Cartagena","description":"Tourism agency in Cartagena","publisher":{"@id":"https:\/\/viptravelcartagena.com\/#organization"},"potentialAction":[{"@type":"SearchAction","target":{"@type":"EntryPoint","urlTemplate":"https:\/\/viptravelcartagena.com\/?s={search_term_string}"},"query-input":{"@type":"PropertyValueSpecification","valueRequired":true,"valueName":"search_term_string"}}],"inLanguage":"en-US"},{"@type":"Organization","@id":"https:\/\/viptravelcartagena.com\/#organization","name":"Bowie Tours","url":"https:\/\/viptravelcartagena.com\/","logo":{"@type":"ImageObject","inLanguage":"en-US","@id":"https:\/\/viptravelcartagena.com\/#\/schema\/logo\/image\/","url":"https:\/\/viptravelcartagena.com\/wp-content\/uploads\/2026\/02\/WhatsApp_Image_2026-02-25_at_3.46.52_PM-removebg-preview.png","contentUrl":"https:\/\/viptravelcartagena.com\/wp-content\/uploads\/2026\/02\/WhatsApp_Image_2026-02-25_at_3.46.52_PM-removebg-preview.png","width":500,"height":500,"caption":"Bowie Tours"},"image":{"@id":"https:\/\/viptravelcartagena.com\/#\/schema\/logo\/image\/"}}]}},"_links":{"self":[{"href":"https:\/\/viptravelcartagena.com\/en\/wp-json\/wp\/v2\/product\/1831","targetHints":{"allow":["GET"]}}],"collection":[{"href":"https:\/\/viptravelcartagena.com\/en\/wp-json\/wp\/v2\/product"}],"about":[{"href":"https:\/\/viptravelcartagena.com\/en\/wp-json\/wp\/v2\/types\/product"}],"replies":[{"embeddable":true,"href":"https:\/\/viptravelcartagena.com\/en\/wp-json\/wp\/v2\/comments?post=1831"}],"wp:featuredmedia":[{"embeddable":true,"href":"https:\/\/viptravelcartagena.com\/en\/wp-json\/wp\/v2\/media\/1641"}],"wp:attachment":[{"href":"https:\/\/viptravelcartagena.com\/en\/wp-json\/wp\/v2\/media?parent=1831"}],"wp:term":[{"taxonomy":"product_brand","embeddable":true,"href":"https:\/\/viptravelcartagena.com\/en\/wp-json\/wp\/v2\/product_brand?post=1831"},{"taxonomy":"product_cat","embeddable":true,"href":"https:\/\/viptravelcartagena.com\/en\/wp-json\/wp\/v2\/product_cat?post=1831"},{"taxonomy":"product_tag","embeddable":true,"href":"https:\/\/viptravelcartagena.com\/en\/wp-json\/wp\/v2\/product_tag?post=1831"}],"curies":[{"name":"wp","href":"https:\/\/api.w.org\/{rel}","templated":true}]}}